{"id":893,"date":"2022-04-25T01:40:02","date_gmt":"2022-04-25T01:40:02","guid":{"rendered":"https:\/\/architect.oceanwp.org\/?page_id=619"},"modified":"2026-04-04T14:42:56","modified_gmt":"2026-04-04T12:42:56","slug":"about-us","status":"publish","type":"page","link":"https:\/\/lescouleursdemily.fr\/index.php\/home\/about-us\/","title":{"rendered":"A propos"},"content":{"rendered":"\t\t<div data-elementor-type=\"wp-page\" data-elementor-id=\"893\" class=\"elementor elementor-893\">\n\t\t\t\t<div class=\"elementor-element elementor-element-92fee6a e-con-full e-flex wpr-particle-no wpr-jarallax-no wpr-parallax-no wpr-sticky-section-no e-con e-parent\" data-id=\"92fee6a\" data-element_type=\"container\" data-e-type=\"container\" data-settings=\"{&quot;background_background&quot;:&quot;classic&quot;}\">\n\t\t\t\t<div class=\"elementor-element elementor-element-38c4cdb elementor-widget elementor-widget-heading\" data-id=\"38c4cdb\" data-element_type=\"widget\" data-e-type=\"widget\" data-widget_type=\"heading.default\">\n\t\t\t\t<div class=\"elementor-widget-container\">\n\t\t\t\t\t<h1 class=\"elementor-heading-title elementor-size-default\">A propos d'Emily<\/h1>\t\t\t\t<\/div>\n\t\t\t\t<\/div>\n\t\t\t\t<\/div>\n\t\t\t\t<section class=\"elementor-section elementor-top-section elementor-element elementor-element-8f2a3b1 elementor-section-boxed elementor-section-height-default elementor-section-height-default wpr-particle-no wpr-jarallax-no wpr-parallax-no wpr-sticky-section-no\" data-id=\"8f2a3b1\" data-element_type=\"section\" data-e-type=\"section\">\n\t\t\t\t\t\t<div class=\"elementor-container elementor-column-gap-default\">\n\t\t\t\t\t<div class=\"elementor-column elementor-col-100 elementor-top-column elementor-element elementor-element-9427d45\" data-id=\"9427d45\" data-element_type=\"column\" data-e-type=\"column\">\n\t\t\t<div class=\"elementor-widget-wrap elementor-element-populated\">\n\t\t\t\t\t\t<section class=\"elementor-section elementor-inner-section elementor-element elementor-element-f162c40 elementor-section-content-middle elementor-section-boxed elementor-section-height-default elementor-section-height-default wpr-particle-no wpr-jarallax-no wpr-parallax-no wpr-sticky-section-no\" data-id=\"f162c40\" data-element_type=\"section\" data-e-type=\"section\">\n\t\t\t\t\t\t<div class=\"elementor-container elementor-column-gap-no\">\n\t\t\t\t\t<div class=\"elementor-column elementor-col-50 elementor-inner-column elementor-element elementor-element-dacf0d5\" data-id=\"dacf0d5\" data-element_type=\"column\" data-e-type=\"column\">\n\t\t\t<div class=\"elementor-widget-wrap elementor-element-populated\">\n\t\t\t\t\t\t<div class=\"elementor-element elementor-element-692d71b elementor-widget elementor-widget-image\" data-id=\"692d71b\" data-element_type=\"widget\" data-e-type=\"widget\" data-widget_type=\"image.default\">\n\t\t\t\t<div class=\"elementor-widget-container\">\n\t\t\t\t\t\t\t\t\t\t\t\t\t\t\t<img fetchpriority=\"high\" decoding=\"async\" width=\"1855\" height=\"2560\" src=\"https:\/\/lescouleursdemily.fr\/wp-content\/uploads\/2024\/08\/DSC09203-Edit-HD-Printing-scaled.jpg\" class=\"attachment-full size-full wp-image-1729\" alt=\"\" srcset=\"https:\/\/lescouleursdemily.fr\/wp-content\/uploads\/2024\/08\/DSC09203-Edit-HD-Printing-scaled.jpg 1855w, https:\/\/lescouleursdemily.fr\/wp-content\/uploads\/2024\/08\/DSC09203-Edit-HD-Printing-217x300.jpg 217w, https:\/\/lescouleursdemily.fr\/wp-content\/uploads\/2024\/08\/DSC09203-Edit-HD-Printing-742x1024.jpg 742w, https:\/\/lescouleursdemily.fr\/wp-content\/uploads\/2024\/08\/DSC09203-Edit-HD-Printing-768x1060.jpg 768w, https:\/\/lescouleursdemily.fr\/wp-content\/uploads\/2024\/08\/DSC09203-Edit-HD-Printing-1113x1536.jpg 1113w, https:\/\/lescouleursdemily.fr\/wp-content\/uploads\/2024\/08\/DSC09203-Edit-HD-Printing-1484x2048.jpg 1484w, https:\/\/lescouleursdemily.fr\/wp-content\/uploads\/2024\/08\/DSC09203-Edit-HD-Printing-500x690.jpg 500w, https:\/\/lescouleursdemily.fr\/wp-content\/uploads\/2024\/08\/DSC09203-Edit-HD-Printing-800x1104.jpg 800w, https:\/\/lescouleursdemily.fr\/wp-content\/uploads\/2024\/08\/DSC09203-Edit-HD-Printing-1280x1767.jpg 1280w, https:\/\/lescouleursdemily.fr\/wp-content\/uploads\/2024\/08\/DSC09203-Edit-HD-Printing-1920x2650.jpg 1920w\" sizes=\"(max-width: 1855px) 100vw, 1855px\" \/>\t\t\t\t\t\t\t\t\t\t\t\t\t\t\t<\/div>\n\t\t\t\t<\/div>\n\t\t\t\t\t<\/div>\n\t\t<\/div>\n\t\t\t\t<div class=\"elementor-column elementor-col-50 elementor-inner-column elementor-element elementor-element-9a4d4d6\" data-id=\"9a4d4d6\" data-element_type=\"column\" data-e-type=\"column\">\n\t\t\t<div class=\"elementor-widget-wrap elementor-element-populated\">\n\t\t\t\t\t\t<div class=\"elementor-element elementor-element-f680795 elementor-widget-divider--view-line elementor-widget elementor-widget-divider\" data-id=\"f680795\" data-element_type=\"widget\" data-e-type=\"widget\" data-widget_type=\"divider.default\">\n\t\t\t\t<div class=\"elementor-widget-container\">\n\t\t\t\t\t\t\t<div class=\"elementor-divider\">\n\t\t\t<span class=\"elementor-divider-separator\">\n\t\t\t\t\t\t<\/span>\n\t\t<\/div>\n\t\t\t\t\t\t<\/div>\n\t\t\t\t<\/div>\n\t\t\t\t<div class=\"elementor-element elementor-element-0255a9f elementor-widget elementor-widget-heading\" data-id=\"0255a9f\" data-element_type=\"widget\" data-e-type=\"widget\" data-widget_type=\"heading.default\">\n\t\t\t\t<div class=\"elementor-widget-container\">\n\t\t\t\t\t<h2 class=\"elementor-heading-title elementor-size-default\">Son histoire<\/h2>\t\t\t\t<\/div>\n\t\t\t\t<\/div>\n\t\t\t\t<div class=\"elementor-element elementor-element-e79a663 elementor-widget__width-initial elementor-widget elementor-widget-heading\" data-id=\"e79a663\" data-element_type=\"widget\" data-e-type=\"widget\" data-widget_type=\"heading.default\">\n\t\t\t\t<div class=\"elementor-widget-container\">\n\t\t\t\t\t<p class=\"elementor-heading-title elementor-size-default\">De formation ing\u00e9nieure en a\u00e9ronautique, Emily aime, depuis son enfance, le travail manuel (jardinage, feutrine, peinture, sculpture, dessin, cuisine, tricot...) au travers duquel elle peut lib\u00e9rer sa cr\u00e9ativit\u00e9.<\/p>\t\t\t\t<\/div>\n\t\t\t\t<\/div>\n\t\t\t\t<div class=\"elementor-element elementor-element-db431cb elementor-widget__width-initial elementor-widget elementor-widget-heading\" data-id=\"db431cb\" data-element_type=\"widget\" data-e-type=\"widget\" data-widget_type=\"heading.default\">\n\t\t\t\t<div class=\"elementor-widget-container\">\n\t\t\t\t\t<p class=\"elementor-heading-title elementor-size-default\">Elle grandit \u00e0 Paris. Cependant, la ville l'\u00e9touffe. Elle r\u00eave de grands espaces calmes, d\u00e9bordants de nature apaisante, rayonnants de libert\u00e9 revigorante et salvatrice.<\/p>\t\t\t\t<\/div>\n\t\t\t\t<\/div>\n\t\t\t\t<div class=\"elementor-element elementor-element-1fffd2c elementor-widget__width-initial elementor-widget elementor-widget-heading\" data-id=\"1fffd2c\" data-element_type=\"widget\" data-e-type=\"widget\" data-widget_type=\"heading.default\">\n\t\t\t\t<div class=\"elementor-widget-container\">\n\t\t\t\t\t<p class=\"elementor-heading-title elementor-size-default\">En 2022, elle s'installe en dehors de la capitale, non loin de la for\u00eat de Gif-sur-Yvette. C'est \u00e0 ce moment-l\u00e0 qu'elle commence \u00e0 s'\u00e9panouir en tant qu'artiste peintre autodidacte.<br><br>En 2026, elle s'\u00e9tablit d\u00e9finitivement \u00e0 Ch\u00e2tenay-Malabry. Entour\u00e9e de parc verdoyants, son inspiration grandit, vibrante et libre.<\/p>\t\t\t\t<\/div>\n\t\t\t\t<\/div>\n\t\t\t\t\t<\/div>\n\t\t<\/div>\n\t\t\t\t\t<\/div>\n\t\t<\/section>\n\t\t\t\t<div class=\"elementor-element elementor-element-489dce5 elementor-widget elementor-widget-spacer\" data-id=\"489dce5\" data-element_type=\"widget\" data-e-type=\"widget\" data-widget_type=\"spacer.default\">\n\t\t\t\t<div class=\"elementor-widget-container\">\n\t\t\t\t\t\t\t<div class=\"elementor-spacer\">\n\t\t\t<div class=\"elementor-spacer-inner\"><\/div>\n\t\t<\/div>\n\t\t\t\t\t\t<\/div>\n\t\t\t\t<\/div>\n\t\t\t\t<div class=\"elementor-element elementor-element-13f1e52 elementor-widget-divider--view-line elementor-widget elementor-widget-divider\" data-id=\"13f1e52\" data-element_type=\"widget\" data-e-type=\"widget\" data-widget_type=\"divider.default\">\n\t\t\t\t<div class=\"elementor-widget-container\">\n\t\t\t\t\t\t\t<div class=\"elementor-divider\">\n\t\t\t<span class=\"elementor-divider-separator\">\n\t\t\t\t\t\t<\/span>\n\t\t<\/div>\n\t\t\t\t\t\t<\/div>\n\t\t\t\t<\/div>\n\t\t\t\t<div class=\"elementor-element elementor-element-6900326 elementor-widget elementor-widget-heading\" data-id=\"6900326\" data-element_type=\"widget\" data-e-type=\"widget\" data-widget_type=\"heading.default\">\n\t\t\t\t<div class=\"elementor-widget-container\">\n\t\t\t\t\t<h2 class=\"elementor-heading-title elementor-size-default\">Son travail<\/h2>\t\t\t\t<\/div>\n\t\t\t\t<\/div>\n\t\t\t\t<section class=\"elementor-section elementor-inner-section elementor-element elementor-element-7e4dac5 elementor-section-boxed elementor-section-height-default elementor-section-height-default wpr-particle-no wpr-jarallax-no wpr-parallax-no wpr-sticky-section-no\" data-id=\"7e4dac5\" data-element_type=\"section\" data-e-type=\"section\">\n\t\t\t\t\t\t<div class=\"elementor-container elementor-column-gap-default\">\n\t\t\t\t\t<div class=\"elementor-column elementor-col-50 elementor-inner-column elementor-element elementor-element-e670724\" data-id=\"e670724\" data-element_type=\"column\" data-e-type=\"column\">\n\t\t\t<div class=\"elementor-widget-wrap elementor-element-populated\">\n\t\t\t\t\t\t<div class=\"elementor-element elementor-element-cbcca17 elementor-widget elementor-widget-heading\" data-id=\"cbcca17\" data-element_type=\"widget\" data-e-type=\"widget\" data-widget_type=\"heading.default\">\n\t\t\t\t<div class=\"elementor-widget-container\">\n\t\t\t\t\t<p class=\"elementor-heading-title elementor-size-default\">Passer d'un art \u00e0 un autre nourrit sa soif de libert\u00e9 de cr\u00e9ation. Elle affectionne principalement la peinture car la libert\u00e9 offerte par les d\u00e9grad\u00e9s, par les m\u00e9langes et par l'association des couleurs la saisit particuli\u00e8rement. C'est pourquoi elle s'oriente vers la peinture acrylique qui permet une plus grande libert\u00e9 d'expression.<\/p>\t\t\t\t<\/div>\n\t\t\t\t<\/div>\n\t\t\t\t<div class=\"elementor-element elementor-element-ed1f5fd elementor-widget elementor-widget-heading\" data-id=\"ed1f5fd\" data-element_type=\"widget\" data-e-type=\"widget\" data-widget_type=\"heading.default\">\n\t\t\t\t<div class=\"elementor-widget-container\">\n\t\t\t\t\t<p class=\"elementor-heading-title elementor-size-default\">Au contact de la nature, l'inspiration lui vient plus spontan\u00e9ment et plus naturellement. De plus, ses oeuvres sont tant\u00f4t figuratives, tant\u00f4t abstraites, mais toujours color\u00e9es. Elle aime v\u00e9ritablement apporter de la couleur dans la vie du spectateur.<\/p>\t\t\t\t<\/div>\n\t\t\t\t<\/div>\n\t\t\t\t<div class=\"elementor-element elementor-element-04863fd elementor-widget elementor-widget-heading\" data-id=\"04863fd\" data-element_type=\"widget\" data-e-type=\"widget\" data-widget_type=\"heading.default\">\n\t\t\t\t<div class=\"elementor-widget-container\">\n\t\t\t\t\t<p class=\"elementor-heading-title elementor-size-default\">De nature curieuse, elle est toujours en train de tester de nouvelles techniques permettant d'\u00e9tayer ses capacit\u00e9s d'expression sur la toile.<\/p>\t\t\t\t<\/div>\n\t\t\t\t<\/div>\n\t\t\t\t<div class=\"elementor-element elementor-element-3421d74 elementor-widget elementor-widget-heading\" data-id=\"3421d74\" data-element_type=\"widget\" data-e-type=\"widget\" data-widget_type=\"heading.default\">\n\t\t\t\t<div class=\"elementor-widget-container\">\n\t\t\t\t\t<p class=\"elementor-heading-title elementor-size-default\">\"Toujours se chercher, toujours apprendre, pratiquer et colorer \u00e0 volont\u00e9 !\"<\/p>\t\t\t\t<\/div>\n\t\t\t\t<\/div>\n\t\t\t\t\t<\/div>\n\t\t<\/div>\n\t\t\t\t<div class=\"elementor-column elementor-col-50 elementor-inner-column elementor-element elementor-element-f3ff10d\" data-id=\"f3ff10d\" data-element_type=\"column\" data-e-type=\"column\">\n\t\t\t<div class=\"elementor-widget-wrap elementor-element-populated\">\n\t\t\t\t\t\t<div class=\"elementor-element elementor-element-48d6bc6 elementor-widget elementor-widget-image\" data-id=\"48d6bc6\" data-element_type=\"widget\" data-e-type=\"widget\" data-widget_type=\"image.default\">\n\t\t\t\t<div class=\"elementor-widget-container\">\n\t\t\t\t\t\t\t\t\t\t\t\t\t\t\t<img decoding=\"async\" width=\"2481\" height=\"2459\" src=\"https:\/\/lescouleursdemily.fr\/wp-content\/uploads\/2025\/06\/Les-Iris-Fantomes_cropped-jpeg-1.jpg\" class=\"attachment-full size-full wp-image-2416\" alt=\"\" srcset=\"https:\/\/lescouleursdemily.fr\/wp-content\/uploads\/2025\/06\/Les-Iris-Fantomes_cropped-jpeg-1.jpg 2481w, https:\/\/lescouleursdemily.fr\/wp-content\/uploads\/2025\/06\/Les-Iris-Fantomes_cropped-jpeg-1-300x297.jpg 300w, https:\/\/lescouleursdemily.fr\/wp-content\/uploads\/2025\/06\/Les-Iris-Fantomes_cropped-jpeg-1-1024x1015.jpg 1024w, https:\/\/lescouleursdemily.fr\/wp-content\/uploads\/2025\/06\/Les-Iris-Fantomes_cropped-jpeg-1-150x150.jpg 150w\" sizes=\"(max-width: 2481px) 100vw, 2481px\" \/>\t\t\t\t\t\t\t\t\t\t\t\t\t\t\t<\/div>\n\t\t\t\t<\/div>\n\t\t\t\t\t<\/div>\n\t\t<\/div>\n\t\t\t\t\t<\/div>\n\t\t<\/section>\n\t\t\t\t<div class=\"elementor-element elementor-element-352afed elementor-widget elementor-widget-spacer\" data-id=\"352afed\" data-element_type=\"widget\" data-e-type=\"widget\" data-widget_type=\"spacer.default\">\n\t\t\t\t<div class=\"elementor-widget-container\">\n\t\t\t\t\t\t\t<div class=\"elementor-spacer\">\n\t\t\t<div class=\"elementor-spacer-inner\"><\/div>\n\t\t<\/div>\n\t\t\t\t\t\t<\/div>\n\t\t\t\t<\/div>\n\t\t\t\t<div class=\"elementor-element elementor-element-b5fb244 elementor-widget elementor-widget-spacer\" data-id=\"b5fb244\" data-element_type=\"widget\" data-e-type=\"widget\" data-widget_type=\"spacer.default\">\n\t\t\t\t<div class=\"elementor-widget-container\">\n\t\t\t\t\t\t\t<div class=\"elementor-spacer\">\n\t\t\t<div class=\"elementor-spacer-inner\"><\/div>\n\t\t<\/div>\n\t\t\t\t\t\t<\/div>\n\t\t\t\t<\/div>\n\t\t\t\t\t<\/div>\n\t\t<\/div>\n\t\t\t\t\t<\/div>\n\t\t<\/section>\n\t\t\t\t<section class=\"elementor-section elementor-top-section elementor-element elementor-element-19e9dbc elementor-section-full_width elementor-section-height-min-height elementor-section-height-default elementor-section-items-middle wpr-particle-no wpr-jarallax-no wpr-parallax-no wpr-sticky-section-no\" data-id=\"19e9dbc\" data-element_type=\"section\" data-e-type=\"section\" data-settings=\"{&quot;background_background&quot;:&quot;classic&quot;}\">\n\t\t\t\t\t\t\t<div class=\"elementor-background-overlay\"><\/div>\n\t\t\t\t\t\t\t<div class=\"elementor-container elementor-column-gap-default\">\n\t\t\t\t\t<div class=\"elementor-column elementor-col-100 elementor-top-column elementor-element elementor-element-76903ed\" data-id=\"76903ed\" data-element_type=\"column\" data-e-type=\"column\">\n\t\t\t<div class=\"elementor-widget-wrap elementor-element-populated\">\n\t\t\t\t\t\t<div class=\"elementor-element elementor-element-9f7da42 elementor-widget elementor-widget-heading\" data-id=\"9f7da42\" data-element_type=\"widget\" data-e-type=\"widget\" data-widget_type=\"heading.default\">\n\t\t\t\t<div class=\"elementor-widget-container\">\n\t\t\t\t\t<h2 class=\"elementor-heading-title elementor-size-default\">\"Si vous aimez vraiment la nature, vous trouverez la beaut\u00e9 partout\"<br><br><i>vincent Van Gogh<\/i><\/h2>\t\t\t\t<\/div>\n\t\t\t\t<\/div>\n\t\t\t\t\t<\/div>\n\t\t<\/div>\n\t\t\t\t\t<\/div>\n\t\t<\/section>\n\t\t\t\t<\/div>\n\t\t","protected":false},"excerpt":{"rendered":"<p>A propos d&#8217;Emily Son histoire De formation ing\u00e9nieure en a\u00e9ronautique, Emily aime, depuis son enfance, le travail manuel (jardinage, feutrine, peinture, sculpture, dessin, cuisine, tricot&#8230;) au travers duquel elle peut lib\u00e9rer sa cr\u00e9ativit\u00e9. Elle grandit \u00e0 Paris. Cependant, la ville l&#8217;\u00e9touffe. Elle r\u00eave de grands espaces calmes, d\u00e9bordants de nature apaisante, rayonnants de libert\u00e9 revigorante et salvatrice. En 2022, elle s&#8217;installe en dehors de la capitale, non loin de la for\u00eat de Gif-sur-Yvette. C&#8217;est \u00e0 ce moment-l\u00e0 qu&#8217;elle commence \u00e0 s&#8217;\u00e9panouir en tant qu&#8217;artiste peintre autodidacte. En 2026, elle s&#8217;\u00e9tablit d\u00e9finitivement \u00e0 Ch\u00e2tenay-Malabry. Entour\u00e9e de parc verdoyants, son inspiration grandit, vibrante et libre. Son travail Passer d&#8217;un art \u00e0 un autre nourrit sa soif de libert\u00e9 de cr\u00e9ation. Elle affectionne principalement la peinture car la libert\u00e9 offerte par les d\u00e9grad\u00e9s, par les m\u00e9langes et par l&#8217;association des couleurs la saisit particuli\u00e8rement. C&#8217;est pourquoi elle s&#8217;oriente vers la peinture acrylique qui permet une plus grande libert\u00e9 d&#8217;expression. Au contact de la nature, l&#8217;inspiration lui vient plus spontan\u00e9ment et plus naturellement. De plus, ses oeuvres sont tant\u00f4t figuratives, tant\u00f4t abstraites, mais toujours color\u00e9es. Elle aime v\u00e9ritablement apporter de la couleur dans la vie du spectateur. De nature curieuse, elle est toujours en train de tester de nouvelles techniques permettant d&#8217;\u00e9tayer ses capacit\u00e9s d&#8217;expression sur la toile. &#8220;Toujours se chercher, toujours apprendre, pratiquer et colorer \u00e0 volont\u00e9 !&#8221; &#8220;Si vous aimez vraiment la nature, vous trouverez la beaut\u00e9 partout&#8221; vincent Van Gogh<\/p>\n","protected":false},"author":1,"featured_media":0,"parent":465,"menu_order":1,"comment_status":"closed","ping_status":"closed","template":"","meta":{"ocean_post_layout":"full-screen","ocean_both_sidebars_style":"","ocean_both_sidebars_content_width":0,"ocean_both_sidebars_sidebars_width":0,"ocean_sidebar":"0","ocean_second_sidebar":"0","ocean_disable_margins":"on","ocean_add_body_class":"","ocean_shortcode_before_top_bar":"","ocean_shortcode_after_top_bar":"","ocean_shortcode_before_header":"","ocean_shortcode_after_header":"","ocean_has_shortcode":"","ocean_shortcode_after_title":"","ocean_shortcode_before_footer_widgets":"","ocean_shortcode_after_footer_widgets":"","ocean_shortcode_before_footer_bottom":"","ocean_shortcode_after_footer_bottom":"","ocean_display_top_bar":"default","ocean_display_header":"default","ocean_header_style":"transparent","ocean_center_header_left_menu":"0","ocean_custom_header_template":"0","ocean_custom_logo":0,"ocean_custom_retina_logo":0,"ocean_custom_logo_max_width":0,"ocean_custom_logo_tablet_max_width":0,"ocean_custom_logo_mobile_max_width":0,"ocean_custom_logo_max_height":0,"ocean_custom_logo_tablet_max_height":0,"ocean_custom_logo_mobile_max_height":0,"ocean_header_custom_menu":"0","ocean_menu_typo_font_family":"0","ocean_menu_typo_font_subset":"","ocean_menu_typo_font_size":0,"ocean_menu_typo_font_size_tablet":0,"ocean_menu_typo_font_size_mobile":0,"ocean_menu_typo_font_size_unit":"px","ocean_menu_typo_font_weight":"","ocean_menu_typo_font_weight_tablet":"","ocean_menu_typo_font_weight_mobile":"","ocean_menu_typo_transform":"","ocean_menu_typo_transform_tablet":"","ocean_menu_typo_transform_mobile":"","ocean_menu_typo_line_height":0,"ocean_menu_typo_line_height_tablet":0,"ocean_menu_typo_line_height_mobile":0,"ocean_menu_typo_line_height_unit":"","ocean_menu_typo_spacing":0,"ocean_menu_typo_spacing_tablet":0,"ocean_menu_typo_spacing_mobile":0,"ocean_menu_typo_spacing_unit":"","ocean_menu_link_color":"#ffffff","ocean_menu_link_color_hover":"#6e8fef","ocean_menu_link_color_active":"#ffffff","ocean_menu_link_background":"","ocean_menu_link_hover_background":"","ocean_menu_link_active_background":"","ocean_menu_social_links_bg":"","ocean_menu_social_hover_links_bg":"","ocean_menu_social_links_color":"#ffffff","ocean_menu_social_hover_links_color":"#6e8fef","ocean_disable_title":"on","ocean_disable_heading":"default","ocean_post_title":"","ocean_post_subheading":"","ocean_post_title_style":"","ocean_post_title_background_color":"","ocean_post_title_background":0,"ocean_post_title_bg_image_position":"","ocean_post_title_bg_image_attachment":"","ocean_post_title_bg_image_repeat":"","ocean_post_title_bg_image_size":"","ocean_post_title_height":0,"ocean_post_title_bg_overlay":0.5,"ocean_post_title_bg_overlay_color":"","ocean_disable_breadcrumbs":"off","ocean_breadcrumbs_color":"","ocean_breadcrumbs_separator_color":"","ocean_breadcrumbs_links_color":"","ocean_breadcrumbs_links_hover_color":"","ocean_display_footer_widgets":"default","ocean_display_footer_bottom":"default","ocean_custom_footer_template":"0","_vp_format_video_url":"","_vp_image_focal_point":[],"footnotes":""},"class_list":["post-893","page","type-page","status-publish","hentry","entry"],"_links":{"self":[{"href":"https:\/\/lescouleursdemily.fr\/index.php\/wp-json\/wp\/v2\/pages\/893","targetHints":{"allow":["GET"]}}],"collection":[{"href":"https:\/\/lescouleursdemily.fr\/index.php\/wp-json\/wp\/v2\/pages"}],"about":[{"href":"https:\/\/lescouleursdemily.fr\/index.php\/wp-json\/wp\/v2\/types\/page"}],"author":[{"embeddable":true,"href":"https:\/\/lescouleursdemily.fr\/index.php\/wp-json\/wp\/v2\/users\/1"}],"replies":[{"embeddable":true,"href":"https:\/\/lescouleursdemily.fr\/index.php\/wp-json\/wp\/v2\/comments?post=893"}],"version-history":[{"count":129,"href":"https:\/\/lescouleursdemily.fr\/index.php\/wp-json\/wp\/v2\/pages\/893\/revisions"}],"predecessor-version":[{"id":2509,"href":"https:\/\/lescouleursdemily.fr\/index.php\/wp-json\/wp\/v2\/pages\/893\/revisions\/2509"}],"up":[{"embeddable":true,"href":"https:\/\/lescouleursdemily.fr\/index.php\/wp-json\/wp\/v2\/pages\/465"}],"wp:attachment":[{"href":"https:\/\/lescouleursdemily.fr\/index.php\/wp-json\/wp\/v2\/media?parent=893"}],"curies":[{"name":"wp","href":"https:\/\/api.w.org\/{rel}","templated":true}]}}