{"id":2155,"date":"2024-10-14T16:23:22","date_gmt":"2024-10-14T14:23:22","guid":{"rendered":"https:\/\/lescouleursdemily.fr\/?page_id=2155"},"modified":"2026-04-04T15:27:37","modified_gmt":"2026-04-04T13:27:37","slug":"exhibitions","status":"publish","type":"page","link":"https:\/\/lescouleursdemily.fr\/index.php\/home\/exhibitions\/","title":{"rendered":"Expositions"},"content":{"rendered":"\t\t<div data-elementor-type=\"wp-page\" data-elementor-id=\"2155\" class=\"elementor elementor-2155\">\n\t\t\t\t\t\t<section class=\"elementor-section elementor-top-section elementor-element elementor-element-c7bde32 elementor-section-height-min-height elementor-section-boxed elementor-section-height-default elementor-section-items-middle wpr-particle-no wpr-jarallax-no wpr-parallax-no wpr-sticky-section-no\" data-id=\"c7bde32\" data-element_type=\"section\" data-e-type=\"section\" data-settings=\"{&quot;background_background&quot;:&quot;classic&quot;}\">\n\t\t\t\t\t\t<div class=\"elementor-container elementor-column-gap-default\">\n\t\t\t\t\t<div class=\"elementor-column elementor-col-100 elementor-top-column elementor-element elementor-element-8ca406c\" data-id=\"8ca406c\" data-element_type=\"column\" data-e-type=\"column\">\n\t\t\t<div class=\"elementor-widget-wrap elementor-element-populated\">\n\t\t\t\t\t\t<div class=\"elementor-element elementor-element-5c316fb elementor-widget elementor-widget-heading\" data-id=\"5c316fb\" data-element_type=\"widget\" data-e-type=\"widget\" data-widget_type=\"heading.default\">\n\t\t\t\t<div class=\"elementor-widget-container\">\n\t\t\t\t\t<h1 class=\"elementor-heading-title elementor-size-default\">Expositions<\/h1>\t\t\t\t<\/div>\n\t\t\t\t<\/div>\n\t\t\t\t\t<\/div>\n\t\t<\/div>\n\t\t\t\t\t<\/div>\n\t\t<\/section>\n\t\t<div class=\"elementor-element elementor-element-2378cae e-flex e-con-boxed wpr-particle-no wpr-jarallax-no wpr-parallax-no wpr-sticky-section-no e-con e-parent\" data-id=\"2378cae\" data-element_type=\"container\" data-e-type=\"container\">\n\t\t\t\t\t<div class=\"e-con-inner\">\n\t\t\t\t<div class=\"elementor-element elementor-element-976bef4 elementor-widget__width-initial elementor-widget elementor-widget-eael-advanced-data-table\" data-id=\"976bef4\" data-element_type=\"widget\" data-e-type=\"widget\" data-widget_type=\"eael-advanced-data-table.default\">\n\t\t\t\t<div class=\"elementor-widget-container\">\n\t\t\t\t\t<div class=\"ea-advanced-data-table-wrap\" data-id=\"976bef4\"><div class=\"ea-advanced-data-table-wrap-inner\">\n                <table class=\"ea-advanced-data-table ea-advanced-data-table-static ea-advanced-data-table-976bef4\" data-id=\"976bef4\"><thead><tr><th><p>DATE<\/p><\/th><th><p>NOM<\/p><\/th><th><p>LIEU<\/p><\/th><th><p>TYPE<\/p><\/th><\/tr><\/thead><tbody><tr><td><p>Juin 2024<\/p><\/td><td><p>R\u00e9trospective de l'Atelier Carr\u00e9 d'Art<\/p><\/td><td><p>Gif-sur-Yvette (91)<\/p><\/td><td><p>Collective<\/p><\/td><\/tr><tr><td><p>Octobre 2024<\/p><\/td><td><p><a href=\"https:\/\/lescouleursdemily.fr\/index.php\/home\/exhibitions\/photos-expo-oct-2024\/\" target=\"_blank\">Evasion Color\u00e9e<\/a><\/p><\/td><td><p>Gif-sur-Yvette (91)<\/p><\/td><td><p>Individuelle<\/p><\/td><\/tr><tr><td><p>(\u00e0 venir) Mai 2026<\/p><\/td><td><p>Entre Eclipses et Eclats <\/p><\/td><td><p>Houilles (78)<\/p><\/td><td><p>Individuelle<\/p><\/td><\/tr><tr><td><\/td><td><\/td><td><\/td><td><\/td><\/tr><\/tbody><\/table>\n            <\/div><\/div>\t\t\t\t<\/div>\n\t\t\t\t<\/div>\n\t\t\t\t\t<\/div>\n\t\t\t\t<\/div>\n\t\t\t\t<section class=\"elementor-section elementor-top-section elementor-element elementor-element-19e9dbc elementor-section-full_width elementor-section-height-min-height elementor-section-height-default elementor-section-items-middle wpr-particle-no wpr-jarallax-no wpr-parallax-no wpr-sticky-section-no\" data-id=\"19e9dbc\" data-element_type=\"section\" data-e-type=\"section\" data-settings=\"{&quot;background_background&quot;:&quot;classic&quot;}\">\n\t\t\t\t\t\t\t<div class=\"elementor-background-overlay\"><\/div>\n\t\t\t\t\t\t\t<div class=\"elementor-container elementor-column-gap-default\">\n\t\t\t\t\t<div class=\"elementor-column elementor-col-100 elementor-top-column elementor-element elementor-element-c93658a\" data-id=\"c93658a\" data-element_type=\"column\" data-e-type=\"column\">\n\t\t\t<div class=\"elementor-widget-wrap elementor-element-populated\">\n\t\t\t\t\t\t<section class=\"elementor-section elementor-inner-section elementor-element elementor-element-b42342c elementor-section-boxed elementor-section-height-default elementor-section-height-default wpr-particle-no wpr-jarallax-no wpr-parallax-no wpr-sticky-section-no\" data-id=\"b42342c\" data-element_type=\"section\" data-e-type=\"section\">\n\t\t\t\t\t\t<div class=\"elementor-container elementor-column-gap-default\">\n\t\t\t\t\t<div class=\"elementor-column elementor-col-100 elementor-inner-column elementor-element elementor-element-9110484\" data-id=\"9110484\" data-element_type=\"column\" data-e-type=\"column\">\n\t\t\t<div class=\"elementor-widget-wrap elementor-element-populated\">\n\t\t\t\t\t\t<div class=\"elementor-element elementor-element-cf18133 elementor-widget elementor-widget-text-editor\" data-id=\"cf18133\" data-element_type=\"widget\" data-e-type=\"widget\" data-widget_type=\"text-editor.default\">\n\t\t\t\t<div class=\"elementor-widget-container\">\n\t\t\t\t\t\t\t\t\t<p style=\"font-variant-ligatures: normal; font-variant-caps: normal; font-family: 'Aref Ruqaa', sans-serif; font-size: 34px; font-weight: 400; color: #ffffff; text-align: center;\"><span style=\"font-style: normal;\">&#8220;Le premier m\u00e9rite d&#8217;un tableau est d&#8217;\u00eatre une f\u00eate pour l&#8217;oeil.&#8221;\u00a0<\/span><\/p><p style=\"font-variant-ligatures: normal; font-variant-caps: normal; font-family: 'Aref Ruqaa', sans-serif; font-size: 34px; font-weight: 400; color: #ffffff; text-align: center;\"><i>Eug\u00e8ne Delacroix<\/i><\/p><div>\u00a0<\/div><div>\u00a0<\/div>\t\t\t\t\t\t\t\t<\/div>\n\t\t\t\t<\/div>\n\t\t\t\t\t<\/div>\n\t\t<\/div>\n\t\t\t\t\t<\/div>\n\t\t<\/section>\n\t\t\t\t\t<\/div>\n\t\t<\/div>\n\t\t\t\t\t<\/div>\n\t\t<\/section>\n\t\t\t\t<\/div>\n\t\t","protected":false},"excerpt":{"rendered":"<p>Expositions DATE NOM LIEU TYPE Juin 2024 R\u00e9trospective de l&#8217;Atelier Carr\u00e9 d&#8217;Art Gif-sur-Yvette (91) Collective Octobre 2024 Evasion Color\u00e9e Gif-sur-Yvette (91) Individuelle (\u00e0 venir) Mai 2026 Entre Eclipses et Eclats Houilles (78) Individuelle &#8220;Le premier m\u00e9rite d&#8217;un tableau est d&#8217;\u00eatre une f\u00eate pour l&#8217;oeil.&#8221;\u00a0 Eug\u00e8ne Delacroix \u00a0\u00a0<\/p>\n","protected":false},"author":1,"featured_media":0,"parent":465,"menu_order":3,"comment_status":"closed","ping_status":"closed","template":"","meta":{"ocean_post_layout":"full-screen","ocean_both_sidebars_style":"","ocean_both_sidebars_content_width":0,"ocean_both_sidebars_sidebars_width":0,"ocean_sidebar":"0","ocean_second_sidebar":"0","ocean_disable_margins":"on","ocean_add_body_class":"","ocean_shortcode_before_top_bar":"","ocean_shortcode_after_top_bar":"","ocean_shortcode_before_header":"","ocean_shortcode_after_header":"","ocean_has_shortcode":"","ocean_shortcode_after_title":"","ocean_shortcode_before_footer_widgets":"","ocean_shortcode_after_footer_widgets":"","ocean_shortcode_before_footer_bottom":"","ocean_shortcode_after_footer_bottom":"","ocean_display_top_bar":"default","ocean_display_header":"default","ocean_header_style":"transparent","ocean_center_header_left_menu":"0","ocean_custom_header_template":"0","ocean_custom_logo":0,"ocean_custom_retina_logo":0,"ocean_custom_logo_max_width":0,"ocean_custom_logo_tablet_max_width":0,"ocean_custom_logo_mobile_max_width":0,"ocean_custom_logo_max_height":0,"ocean_custom_logo_tablet_max_height":0,"ocean_custom_logo_mobile_max_height":0,"ocean_header_custom_menu":"0","ocean_menu_typo_font_family":"0","ocean_menu_typo_font_subset":"","ocean_menu_typo_font_size":0,"ocean_menu_typo_font_size_tablet":0,"ocean_menu_typo_font_size_mobile":0,"ocean_menu_typo_font_size_unit":"px","ocean_menu_typo_font_weight":"","ocean_menu_typo_font_weight_tablet":"","ocean_menu_typo_font_weight_mobile":"","ocean_menu_typo_transform":"","ocean_menu_typo_transform_tablet":"","ocean_menu_typo_transform_mobile":"","ocean_menu_typo_line_height":0,"ocean_menu_typo_line_height_tablet":0,"ocean_menu_typo_line_height_mobile":0,"ocean_menu_typo_line_height_unit":"","ocean_menu_typo_spacing":0,"ocean_menu_typo_spacing_tablet":0,"ocean_menu_typo_spacing_mobile":0,"ocean_menu_typo_spacing_unit":"","ocean_menu_link_color":"#ffffff","ocean_menu_link_color_hover":"#6e8fef","ocean_menu_link_color_active":"#ffffff","ocean_menu_link_background":"","ocean_menu_link_hover_background":"","ocean_menu_link_active_background":"","ocean_menu_social_links_bg":"","ocean_menu_social_hover_links_bg":"","ocean_menu_social_links_color":"#ffffff","ocean_menu_social_hover_links_color":"#6e8fef","ocean_disable_title":"on","ocean_disable_heading":"default","ocean_post_title":"","ocean_post_subheading":"","ocean_post_title_style":"","ocean_post_title_background_color":"","ocean_post_title_background":0,"ocean_post_title_bg_image_position":"","ocean_post_title_bg_image_attachment":"","ocean_post_title_bg_image_repeat":"","ocean_post_title_bg_image_size":"","ocean_post_title_height":0,"ocean_post_title_bg_overlay":0.5,"ocean_post_title_bg_overlay_color":"","ocean_disable_breadcrumbs":"off","ocean_breadcrumbs_color":"","ocean_breadcrumbs_separator_color":"","ocean_breadcrumbs_links_color":"","ocean_breadcrumbs_links_hover_color":"","ocean_display_footer_widgets":"default","ocean_display_footer_bottom":"default","ocean_custom_footer_template":"0","_vp_format_video_url":"","_vp_image_focal_point":[],"footnotes":""},"class_list":["post-2155","page","type-page","status-publish","hentry","entry"],"_links":{"self":[{"href":"https:\/\/lescouleursdemily.fr\/index.php\/wp-json\/wp\/v2\/pages\/2155","targetHints":{"allow":["GET"]}}],"collection":[{"href":"https:\/\/lescouleursdemily.fr\/index.php\/wp-json\/wp\/v2\/pages"}],"about":[{"href":"https:\/\/lescouleursdemily.fr\/index.php\/wp-json\/wp\/v2\/types\/page"}],"author":[{"embeddable":true,"href":"https:\/\/lescouleursdemily.fr\/index.php\/wp-json\/wp\/v2\/users\/1"}],"replies":[{"embeddable":true,"href":"https:\/\/lescouleursdemily.fr\/index.php\/wp-json\/wp\/v2\/comments?post=2155"}],"version-history":[{"count":25,"href":"https:\/\/lescouleursdemily.fr\/index.php\/wp-json\/wp\/v2\/pages\/2155\/revisions"}],"predecessor-version":[{"id":2537,"href":"https:\/\/lescouleursdemily.fr\/index.php\/wp-json\/wp\/v2\/pages\/2155\/revisions\/2537"}],"up":[{"embeddable":true,"href":"https:\/\/lescouleursdemily.fr\/index.php\/wp-json\/wp\/v2\/pages\/465"}],"wp:attachment":[{"href":"https:\/\/lescouleursdemily.fr\/index.php\/wp-json\/wp\/v2\/media?parent=2155"}],"curies":[{"name":"wp","href":"https:\/\/api.w.org\/{rel}","templated":true}]}}